{"id":11,"date":"2020-01-24T12:53:54","date_gmt":"2020-01-24T11:53:54","guid":{"rendered":"https:\/\/www.tischlerei-schroeer.de\/?page_id=11"},"modified":"2025-01-08T10:57:55","modified_gmt":"2025-01-08T09:57:55","slug":"home","status":"publish","type":"page","link":"https:\/\/www.tischlerei-schroeer.de\/en\/","title":{"rendered":"Home"},"content":{"rendered":"<div class=\"wpb-content-wrapper\"><div class=\"vc_row wpb_row vc_row-fluid\"><div class=\"wpb_column vc_column_container vc_col-sm-12\"><div class=\"vc_column-inner\"><div class=\"wpb_wrapper\"><div class=\"vc_empty_space\"   style=\"height: 1rem\"><span class=\"vc_empty_space_inner\"><\/span><\/div><\/div><\/div><\/div><\/div><div class=\"vc_row wpb_row vc_row-fluid hbildstart\"><div class=\"wpb_column vc_column_container vc_col-sm-12\"><div class=\"vc_column-inner\"><div class=\"wpb_wrapper\">\n\t<div class=\"wpb_raw_code wpb_raw_html wpb_content_element\" >\n\t\t<div class=\"wpb_wrapper\">\n\t\t\t<div class='white' style='background:rgba(0,0,0,0); border:solid 0px rgba(0,0,0,0); border-radius:0px; padding:0px 0px 0px 0px;'>\n<div id='slider_1041' class='owl-carousel sa_owl_theme autohide-arrows' data-slider-id='slider_1041' style='visibility:hidden;'>\n<div id='slider_1041_slide06' class='sa_hover_container' style='padding:0% 0%; margin:0px 0%; background-image:url(&quot;https:\/\/www.tischlerei-schroeer.de\/wp-content\/uploads\/05_Slider_Schroeer_Riverty_Group_Verl-1-1536x1152.jpg&quot;); background-position:center center; background-size:cover; background-repeat:no-repeat; '><\/div>\n<div id='slider_1041_slide04' class='sa_hover_container' style='padding:0% 0%; margin:0px 0%; background-image:url(&quot;https:\/\/www.tischlerei-schroeer.de\/wp-content\/uploads\/03_Slider_DB_Info-2-1536x1152.jpg&quot;); background-position:center center; background-size:cover; background-repeat:no-repeat; '><\/div>\n<div id='slider_1041_slide05' class='sa_hover_container' style='padding:0% 0%; margin:0px 0%; background-image:url(&quot;https:\/\/www.tischlerei-schroeer.de\/wp-content\/uploads\/04_Slider_Schroeer_Tischlerei_Vorschau_Sonderbau-1-1536x1152.jpg&quot;); background-position:center center; background-size:cover; background-repeat:no-repeat; '><\/div>\n<div id='slider_1041_slide09' class='sa_hover_container' style='padding:0% 0%; margin:0px 0%; background-image:url(&quot;https:\/\/www.tischlerei-schroeer.de\/wp-content\/uploads\/08_Schroeer_Schloss_Fleesensee-2-1536x1152.jpg&quot;); background-position:center center; background-size:cover; background-repeat:no-repeat; '><\/div>\n<div id='slider_1041_slide01' class='sa_hover_container' style='padding:0% 0%; margin:0px 0%; background-image:url(&quot;https:\/\/www.tischlerei-schroeer.de\/wp-content\/uploads\/00_Interior_Seven_Pines_Hotel_Ibiza_02-1536x691.jpg&quot;); background-position:center center; background-size:cover; background-repeat:no-repeat; '><\/div>\n<div id='slider_1041_slide02' class='sa_hover_container' style='padding:0% 0%; margin:0px 0%; background-image:url(&quot;https:\/\/www.tischlerei-schroeer.de\/wp-content\/uploads\/01_Schroeer_Schloss_Fleesensee-1-1536x691.jpg&quot;); background-position:center center; background-size:cover; background-repeat:no-repeat; '><\/div>\n<div id='slider_1041_slide07' class='sa_hover_container' style='padding:0% 0%; margin:0px 0%; background-image:url(&quot;https:\/\/www.tischlerei-schroeer.de\/wp-content\/uploads\/06_Slider_Schuhaus_Stratmann-1-1536x1152.jpg&quot;); background-position:center center; background-size:cover; background-repeat:no-repeat; '><\/div>\n<div id='slider_1041_slide10' class='sa_hover_container' style='padding:0% 0%; margin:0px 0%; background-image:url(&quot;https:\/\/www.tischlerei-schroeer.de\/wp-content\/uploads\/09_Slider_Schroeer_Tischlerei_Sonderbau_Pershing_Bar_Ibiza_web_01_bea-1-1536x1152.jpg&quot;); background-position:center center; background-size:cover; background-repeat:no-repeat; '><\/div>\n<div id='slider_1041_slide03' class='sa_hover_container' style='padding:0% 0%; margin:0px 0%; background-image:url(&quot;https:\/\/www.tischlerei-schroeer.de\/wp-content\/uploads\/02_Schroeer_sOliver_Muenchen_Slider-1-1536x1152.jpg&quot;); background-position:center center; background-size:cover; background-repeat:no-repeat; '><\/div>\n<div id='slider_1041_slide08' class='sa_hover_container' style='padding:0% 0%; margin:0px 0%; background-image:url(&quot;https:\/\/www.tischlerei-schroeer.de\/wp-content\/uploads\/07_Slider_Praxis_Orthopaedie-1-1536x1152.jpg&quot;); background-position:center center; background-size:cover; background-repeat:no-repeat; '><\/div>\n<\/div>\n<\/div>\n<script type='text\/javascript'>\n\tjQuery(document).ready(function() {\n\t\tjQuery('#slider_1041').owlCarousel({\n\t\t\titems : 1,\n\t\t\tanimateOut : 'fadeOut',\n\t\t\tsmartSpeed : 1000,\n\t\t\tautoplay : true,\n\t\t\tautoplayTimeout : 3000,\n\t\t\tautoplayHoverPause : false,\n\t\t\tsmartSpeed : 1000,\n\t\t\tfluidSpeed : 1000,\n\t\t\tautoplaySpeed : 1000,\n\t\t\tnavSpeed : 1000,\n\t\t\tdotsSpeed : 1000,\n\t\t\tloop : true,\n\t\t\tnav : true,\n\t\t\tnavText : ['Previous','Next'],\n\t\t\tdots : false,\n\t\t\tresponsiveRefreshRate : 200,\n\t\t\tslideBy : 1,\n\t\t\tmergeFit : true,\n\t\t\tautoHeight : false,\n\t\t\tmouseDrag : false,\n\t\t\ttouchDrag : true\n\t\t});\n\t\tjQuery('#slider_1041').css('visibility', 'visible');\n\t\tsa_resize_slider_1041();\n\t\twindow.addEventListener('resize', sa_resize_slider_1041);\n\t\tfunction sa_resize_slider_1041() {\n\t\t\tvar min_height = '47';\n\t\t\tvar win_width = jQuery(window).width();\n\t\t\tvar slider_width = jQuery('#slider_1041').width();\n\t\t\tif (win_width < 480) {\n\t\t\t\tvar slide_width = slider_width \/ 1;\n\t\t\t} else if (win_width < 768) {\n\t\t\t\tvar slide_width = slider_width \/ 1;\n\t\t\t} else if (win_width < 980) {\n\t\t\t\tvar slide_width = slider_width \/ 1;\n\t\t\t} else if (win_width < 1200) {\n\t\t\t\tvar slide_width = slider_width \/ 1;\n\t\t\t} else if (win_width < 1500) {\n\t\t\t\tvar slide_width = slider_width \/ 1;\n\t\t\t} else {\n\t\t\t\tvar slide_width = slider_width \/ 1;\n\t\t\t}\n\t\t\tslide_width = Math.round(slide_width);\n\t\t\tvar slide_height = '0';\n\t\t\tif (min_height == 'aspect43') {\n\t\t\t\tslide_height = (slide_width \/ 4) * 3;\t\t\t\tslide_height = Math.round(slide_height);\n\t\t\t} else if (min_height == 'aspect169') {\n\t\t\t\tslide_height = (slide_width \/ 16) * 9;\t\t\t\tslide_height = Math.round(slide_height);\n\t\t\t} else {\n\t\t\t\tslide_height = (slide_width \/ 100) * min_height;\t\t\t\tslide_height = Math.round(slide_height);\n\t\t\t}\n\t\t\tjQuery('#slider_1041 .owl-item .sa_hover_container').css('min-height', slide_height+'px');\n\t\t}\n\t\tvar owl_goto = jQuery('#slider_1041');\n\t\tjQuery('.slider_1041_goto1').click(function(event){\n\t\t\towl_goto.trigger('to.owl.carousel', 0);\n\t\t});\n\t\tjQuery('.slider_1041_goto2').click(function(event){\n\t\t\towl_goto.trigger('to.owl.carousel', 1);\n\t\t});\n\t\tjQuery('.slider_1041_goto3').click(function(event){\n\t\t\towl_goto.trigger('to.owl.carousel', 2);\n\t\t});\n\t\tjQuery('.slider_1041_goto4').click(function(event){\n\t\t\towl_goto.trigger('to.owl.carousel', 3);\n\t\t});\n\t\tjQuery('.slider_1041_goto5').click(function(event){\n\t\t\towl_goto.trigger('to.owl.carousel', 4);\n\t\t});\n\t\tjQuery('.slider_1041_goto6').click(function(event){\n\t\t\towl_goto.trigger('to.owl.carousel', 5);\n\t\t});\n\t\tjQuery('.slider_1041_goto7').click(function(event){\n\t\t\towl_goto.trigger('to.owl.carousel', 6);\n\t\t});\n\t\tjQuery('.slider_1041_goto8').click(function(event){\n\t\t\towl_goto.trigger('to.owl.carousel', 7);\n\t\t});\n\t\tjQuery('.slider_1041_goto9').click(function(event){\n\t\t\towl_goto.trigger('to.owl.carousel', 8);\n\t\t});\n\t\tjQuery('.slider_1041_goto10').click(function(event){\n\t\t\towl_goto.trigger('to.owl.carousel', 9);\n\t\t});\n\t\tvar resize_1041 = jQuery('.owl-carousel');\n\t\tresize_1041.on('initialized.owl.carousel', function(e) {\n\t\t\tif (typeof(Event) === 'function') {\n\t\t\t\twindow.dispatchEvent(new Event('resize'));\n\t\t\t} else {\n\t\t\t\tvar evt = window.document.createEvent('UIEvents');\n\t\t\t\tevt.initUIEvent('resize', true, false, window, 0);\n\t\t\t\twindow.dispatchEvent(evt);\n\t\t\t}\n\t\t});\n\t});\n<\/script>\n\n\t\t<\/div>\n\t<\/div>\n<\/div><\/div><\/div><\/div><div class=\"vc_row wpb_row vc_row-fluid schriftcontainer_klein gross\"><div class=\"wpb_column vc_column_container vc_col-sm-12 vc_col-lg-6 vc_col-md-6\"><div class=\"vc_column-inner vc_custom_1581769830706\"><div class=\"wpb_wrapper\">\n\t<div class=\"wpb_text_column wpb_content_element  container_inhalt hgold startcon\" >\n\t\t<div class=\"wpb_wrapper\">\n\t\t\t<h2>CRAFTSMANSHIP IS THE FUTURE!<\/h2>\n<p>Now in the sixth generation, our family-run company has been renowned for its passion for high-quality, custom-designed joinery since 1810. With a strong foundation of 200 years of experience in our trade, we combine tradition with the very latest manufacturing techniques. Our clients both in Germany and further afield value this highly and have complete trust in our work thanks to our outstanding precision and reliability.<\/p>\n<p>To bring our clients\u2019 projects to life, we use carefully selected woods sourced from certified sustainable forestry. We place great importance on smart and high-quality processing while minimising immissions and emissions and being conservative in our use of resources.<\/p>\n<p>As a natural material, wood gives rooms and spaces a real sense of well-being and can be paired with contrasting and contemporary surfaces to create timeless and inviting interiors.<\/p>\n\n\t\t<\/div>\n\t<\/div>\n<\/div><\/div><\/div><div class=\"wpb_column vc_column_container vc_col-sm-6 vc_hidden-sm vc_hidden-xs\"><div class=\"vc_column-inner\"><div class=\"wpb_wrapper\"><\/div><\/div><\/div><\/div><div class=\"vc_row wpb_row vc_row-fluid\"><div class=\"wpb_column vc_column_container vc_col-sm-12 vc_hidden-sm vc_hidden-xs\"><div class=\"vc_column-inner\"><div class=\"wpb_wrapper\"><div class=\"vc_empty_space\"   style=\"height: 2.5rem\"><span class=\"vc_empty_space_inner\"><\/span><\/div><\/div><\/div><\/div><\/div><div class=\"vc_row wpb_row vc_row-fluid\"><div class=\"wpb_column vc_column_container vc_col-sm-4\"><div class=\"vc_column-inner\"><div class=\"wpb_wrapper\"><\/div><\/div><\/div><div class=\"wpb_column vc_column_container vc_col-sm-8\"><div class=\"vc_column-inner\"><div class=\"wpb_wrapper\">\n\t<div class=\"wpb_text_column wpb_content_element  hbild2\" >\n\t\t<div class=\"wpb_wrapper\">\n\t\t\t<p><img loading=\"lazy\" decoding=\"async\" src=\"https:\/\/www.tischlerei-schroeer.de\/wp-content\/uploads\/HOME_Alles-aus-einer-Hand_bea-1000x583.jpg\" alt=\"\" width=\"1000\" height=\"583\" class=\"alignnone size-large wp-image-1003\" srcset=\"https:\/\/www.tischlerei-schroeer.de\/wp-content\/uploads\/HOME_Alles-aus-einer-Hand_bea-1000x583.jpg 1000w, https:\/\/www.tischlerei-schroeer.de\/wp-content\/uploads\/HOME_Alles-aus-einer-Hand_bea-768x448.jpg 768w, https:\/\/www.tischlerei-schroeer.de\/wp-content\/uploads\/HOME_Alles-aus-einer-Hand_bea.jpg 1500w\" sizes=\"auto, (max-width: 1000px) 100vw, 1000px\" \/><\/p>\n\n\t\t<\/div>\n\t<\/div>\n<\/div><\/div><\/div><\/div><div class=\"vc_row wpb_row vc_row-fluid\"><div class=\"wpb_column vc_column_container vc_col-sm-6\"><div class=\"vc_column-inner\"><div class=\"wpb_wrapper\"><\/div><\/div><\/div><div class=\"wpb_column vc_column_container vc_col-sm-6 vc_col-lg-6 vc_col-md-6\"><div class=\"vc_column-inner\"><div class=\"wpb_wrapper\">\n\t<div class=\"wpb_text_column wpb_content_element  schriftcontainer container_inhalt hgrau\" >\n\t\t<div class=\"wpb_wrapper\">\n\t\t\t<h4>A PERSONALISED TOUCH FROM START TO FINISH<\/h4>\n<p>Whether you\u2019re after an individual piece of furniture or a complete interior or property furnishing service, we are the perfect partner. We transform ideas into reality \u2013 from the initial design stage to planning and production.<\/p>\n<p>Looking for an all-in-one interior fitting solution? We can help with that, too! Enjoy the benefits of putting your project in the hands of an experienced general contractor. Our long-standing collaboration with skilled specialists from different industries makes for a smooth and stress-free interior fitting process \u2013 whether you\u2019re located in Germany or further afield.<\/p>\n\n\t\t<\/div>\n\t<\/div>\n\n\t<div class=\"wpb_raw_code wpb_raw_html wpb_content_element container_inhalt\" >\n\t\t<div class=\"wpb_wrapper\">\n\t\t\t<ul class=\"schalter\">\n \t<li><a href=\"\/en\/leistungen\/\">SERVICES<\/a><\/li>\n<\/ul>\n\t\t<\/div>\n\t<\/div>\n<\/div><\/div><\/div><\/div><div class=\"vc_row wpb_row vc_row-fluid\"><div class=\"wpb_column vc_column_container vc_col-sm-12 vc_hidden-sm vc_hidden-xs\"><div class=\"vc_column-inner\"><div class=\"wpb_wrapper\"><div class=\"vc_empty_space\"   style=\"height: 3rem\"><span class=\"vc_empty_space_inner\"><\/span><\/div><\/div><\/div><\/div><\/div><div class=\"vc_row wpb_row vc_row-fluid\"><div class=\"wpb_column vc_column_container vc_col-sm-12\"><div class=\"vc_column-inner\"><div class=\"wpb_wrapper\">\n\t<div class=\"wpb_text_column wpb_content_element  hbild2\" >\n\t\t<div class=\"wpb_wrapper\">\n\t\t\t<p><img loading=\"lazy\" decoding=\"async\" src=\"https:\/\/www.tischlerei-schroeer.de\/wp-content\/uploads\/Familienunternehmen_sw.jpg\" alt=\"\" width=\"1500\" height=\"1215\" class=\"alignnone size-full wp-image-1007\" srcset=\"https:\/\/www.tischlerei-schroeer.de\/wp-content\/uploads\/Familienunternehmen_sw.jpg 1500w, https:\/\/www.tischlerei-schroeer.de\/wp-content\/uploads\/Familienunternehmen_sw-768x622.jpg 768w, https:\/\/www.tischlerei-schroeer.de\/wp-content\/uploads\/Familienunternehmen_sw-1000x810.jpg 1000w\" sizes=\"auto, (max-width: 1500px) 100vw, 1500px\" \/><\/p>\n\n\t\t<\/div>\n\t<\/div>\n<\/div><\/div><\/div><\/div><div class=\"vc_row wpb_row vc_row-fluid\"><div class=\"wpb_column vc_column_container vc_col-sm-6 vc_col-lg-6 vc_col-md-6\"><div class=\"vc_column-inner\"><div class=\"wpb_wrapper\">\n\t<div class=\"wpb_text_column wpb_content_element  schriftcontainer container_inhalt hgrau\" >\n\t\t<div class=\"wpb_wrapper\">\n\t\t\t<h4>SIX GENERATIONS OF FAMILY KNOW-HOW<\/h4>\n<p>The story of our company spans six generations and is steeped in tradition.<br \/>\nIt was founded 1810 as a carpentry and joinery business at its current site in Ahlen-Dolberg.<\/p>\n<p>Run by Bernhard Schr\u00f6er Snr. and his son Bernhard Schr\u00f6er Jnr., the company is still in family hands today. By partnering with colleagues who have turned their passion into a profession, we are able to produce perfect individual pieces of furniture as well as entire spatial concepts to an exceptionally high standard.<\/p>\n\n\t\t<\/div>\n\t<\/div>\n\n\t<div class=\"wpb_raw_code wpb_raw_html wpb_content_element container_inhalt\" >\n\t\t<div class=\"wpb_wrapper\">\n\t\t\t<ul class=\"schalter\">\n \t<li><a href=\"\/en\/historie\/\">HISTORY<\/a><\/li>\n<\/ul>\n\t\t<\/div>\n\t<\/div>\n<\/div><\/div><\/div><div class=\"wpb_column vc_column_container vc_col-sm-6\"><div class=\"vc_column-inner\"><div class=\"wpb_wrapper\"><\/div><\/div><\/div><\/div><section class=\"vc_section\"><div class=\"vc_row wpb_row vc_row-fluid\"><div class=\"wpb_column vc_column_container vc_col-sm-12 vc_hidden-sm vc_hidden-xs\"><div class=\"vc_column-inner\"><div class=\"wpb_wrapper\"><div class=\"vc_empty_space\"   style=\"height: 1rem\"><span class=\"vc_empty_space_inner\"><\/span><\/div><\/div><\/div><\/div><\/div><\/section>\n<\/div>","protected":false},"excerpt":{"rendered":"<p>CRAFTSMANSHIP IS THE FUTURE! Now in the sixth generation, our family-run company has been renowned for its passion for high-quality, custom-designed joinery since 1810. With a strong foundation of 200 years of experience in our trade, we combine tradition with the very latest manufacturing techniques. Our clients both in Germany and further afield value this&hellip;<\/p>","protected":false},"author":1,"featured_media":0,"parent":0,"menu_order":0,"comment_status":"closed","ping_status":"closed","template":"","meta":{"slim_seo":{"title":"Tischlerei Schr\u00f6er - Innenarchitektur + Objekteinrichtung","description":"Ein Familienunternehmen aus Ahlen-Dolberg, Tischlerei Schr\u00f6er, seit sechs Generationen M\u00f6bel, Inneneinrichtungen und Komplettl\u00f6sungen f\u00fcr den Innenausbau."},"footnotes":""},"class_list":["post-11","page","type-page","status-publish","hentry","description-off"],"_links":{"self":[{"href":"https:\/\/www.tischlerei-schroeer.de\/en\/wp-json\/wp\/v2\/pages\/11","targetHints":{"allow":["GET"]}}],"collection":[{"href":"https:\/\/www.tischlerei-schroeer.de\/en\/wp-json\/wp\/v2\/pages"}],"about":[{"href":"https:\/\/www.tischlerei-schroeer.de\/en\/wp-json\/wp\/v2\/types\/page"}],"author":[{"embeddable":true,"href":"https:\/\/www.tischlerei-schroeer.de\/en\/wp-json\/wp\/v2\/users\/1"}],"replies":[{"embeddable":true,"href":"https:\/\/www.tischlerei-schroeer.de\/en\/wp-json\/wp\/v2\/comments?post=11"}],"version-history":[{"count":153,"href":"https:\/\/www.tischlerei-schroeer.de\/en\/wp-json\/wp\/v2\/pages\/11\/revisions"}],"predecessor-version":[{"id":1228,"href":"https:\/\/www.tischlerei-schroeer.de\/en\/wp-json\/wp\/v2\/pages\/11\/revisions\/1228"}],"wp:attachment":[{"href":"https:\/\/www.tischlerei-schroeer.de\/en\/wp-json\/wp\/v2\/media?parent=11"}],"curies":[{"name":"wp","href":"https:\/\/api.w.org\/{rel}","templated":true}]}}