{"id":385,"date":"2023-03-24T09:56:00","date_gmt":"2023-03-24T08:56:00","guid":{"rendered":"https:\/\/www.tischlerei-schroeer.de\/?page_id=385"},"modified":"2023-12-26T14:34:22","modified_gmt":"2023-12-26T13:34:22","slug":"leistungen","status":"publish","type":"page","link":"https:\/\/www.tischlerei-schroeer.de\/en\/leistungen\/","title":{"rendered":"SERVICES"},"content":{"rendered":"<div class=\"wpb-content-wrapper\"><div class=\"vc_row wpb_row vc_row-fluid vc_row-o-content-middle vc_row-flex\"><div class=\"wpb_column vc_column_container vc_col-sm-12\"><div class=\"vc_column-inner\"><div class=\"wpb_wrapper\">\n\t<div class=\"wpb_text_column wpb_content_element  hbild\" >\n\t\t<div class=\"wpb_wrapper\">\n\t\t\t<p><img loading=\"lazy\" decoding=\"async\" src=\"https:\/\/www.tischlerei-schroeer.de\/wp-content\/uploads\/00_Leistungen_Header_bea.jpg\" alt=\"\" width=\"1500\" height=\"780\" class=\"alignnone size-full wp-image-1021\" srcset=\"https:\/\/www.tischlerei-schroeer.de\/wp-content\/uploads\/00_Leistungen_Header_bea.jpg 1500w, https:\/\/www.tischlerei-schroeer.de\/wp-content\/uploads\/00_Leistungen_Header_bea-768x399.jpg 768w, https:\/\/www.tischlerei-schroeer.de\/wp-content\/uploads\/00_Leistungen_Header_bea-1000x520.jpg 1000w\" sizes=\"auto, (max-width: 1500px) 100vw, 1500px\" \/><\/p>\n\n\t\t<\/div>\n\t<\/div>\n<\/div><\/div><\/div><\/div><div class=\"vc_row wpb_row vc_row-fluid\"><div class=\"wpb_column vc_column_container vc_col-sm-12 vc_col-lg-6 vc_col-md-6\"><div class=\"vc_column-inner\"><div class=\"wpb_wrapper\">\n\t<div class=\"wpb_text_column wpb_content_element  schriftcontainer container_inhalt hgold\" >\n\t\t<div class=\"wpb_wrapper\">\n\t\t\t<h2>WE TAKE CARE OF EVERYTHING FROM DESIGN TO INSTALLATION AND SINGLE UNITS TO ALL-IN-ONE SOLUTIONS<\/h2>\n<p>Whether it\u2019s custom-made pieces or a complete furnishing service that you\u2019re after, we are always on hand to provide our interior fitting clients with our know-how at every stage of the process \u2013 from designing to planning and production \u2013 and for all manner of properties (private homes, restaurants, hotels, shops and doctors\u2019 surgeries). Strong teamwork allows us to respond to a very wide range of client requests.<\/p>\n\n\t\t<\/div>\n\t<\/div>\n<\/div><\/div><\/div><div class=\"wpb_column vc_column_container vc_col-sm-6\"><div class=\"vc_column-inner\"><div class=\"wpb_wrapper\"><\/div><\/div><\/div><\/div><div class=\"vc_row wpb_row vc_row-fluid\"><div class=\"wpb_column vc_column_container vc_col-sm-12 vc_hidden-sm vc_hidden-xs\"><div class=\"vc_column-inner\"><div class=\"wpb_wrapper\"><div class=\"vc_empty_space\"   style=\"height: 40px\"><span class=\"vc_empty_space_inner\"><\/span><\/div><\/div><\/div><\/div><\/div><div class=\"vc_row wpb_row vc_row-fluid\"><div class=\"wpb_column vc_column_container vc_col-sm-4\"><div class=\"vc_column-inner\"><div class=\"wpb_wrapper\"><\/div><\/div><\/div><div class=\"wpb_column vc_column_container vc_col-sm-8\"><div class=\"vc_column-inner\"><div class=\"wpb_wrapper\">\n\t<div class=\"wpb_text_column wpb_content_element  hbild2\" >\n\t\t<div class=\"wpb_wrapper\">\n\t\t\t<p><img loading=\"lazy\" decoding=\"async\" src=\"https:\/\/www.tischlerei-schroeer.de\/wp-content\/uploads\/01_Entwurf_sw-1000x723.jpg\" alt=\"\" width=\"1000\" height=\"723\" class=\"alignnone size-large wp-image-1022\" srcset=\"https:\/\/www.tischlerei-schroeer.de\/wp-content\/uploads\/01_Entwurf_sw-1000x723.jpg 1000w, https:\/\/www.tischlerei-schroeer.de\/wp-content\/uploads\/01_Entwurf_sw-768x556.jpg 768w, https:\/\/www.tischlerei-schroeer.de\/wp-content\/uploads\/01_Entwurf_sw.jpg 1500w\" sizes=\"auto, (max-width: 1000px) 100vw, 1000px\" \/><\/p>\n\n\t\t<\/div>\n\t<\/div>\n<\/div><\/div><\/div><\/div><div class=\"vc_row wpb_row vc_row-fluid\"><div class=\"wpb_column vc_column_container vc_col-sm-6\"><div class=\"vc_column-inner\"><div class=\"wpb_wrapper\"><\/div><\/div><\/div><div class=\"wpb_column vc_column_container vc_col-sm-6 vc_col-lg-6 vc_col-md-6\"><div class=\"vc_column-inner\"><div class=\"wpb_wrapper\">\n\t<div class=\"wpb_text_column wpb_content_element  schriftcontainer container_inhalt hgrau\" >\n\t\t<div class=\"wpb_wrapper\">\n\t\t\t<h4>01 DESIGN<\/h4>\n<p>In order to transform your ideas and wishes into a finished product, a creative design and a selection of well-matched materials and colours are very important. Thanks to our team of competent interior designers and planners, this is a given.<\/p>\n<p>By using advanced presentation methods and hand-held samples of real materials to support the planning stage, we can discuss every detail with you in advance. This means you can be sure that everything has been taken into consideration and that your vision will come to life just the way you imagined it.<\/p>\n\n\t\t<\/div>\n\t<\/div>\n<\/div><\/div><\/div><\/div><div class=\"vc_row wpb_row vc_row-fluid\"><div class=\"wpb_column vc_column_container vc_col-sm-12 vc_hidden-sm vc_hidden-xs\"><div class=\"vc_column-inner\"><div class=\"wpb_wrapper\"><div class=\"vc_empty_space\"   style=\"height: 40px\"><span class=\"vc_empty_space_inner\"><\/span><\/div><\/div><\/div><\/div><\/div><div class=\"vc_row wpb_row vc_row-fluid\"><div class=\"wpb_column vc_column_container vc_col-sm-8\"><div class=\"vc_column-inner\"><div class=\"wpb_wrapper\">\n\t<div class=\"wpb_text_column wpb_content_element  hbild2\" >\n\t\t<div class=\"wpb_wrapper\">\n\t\t\t<p><img loading=\"lazy\" decoding=\"async\" src=\"https:\/\/www.tischlerei-schroeer.de\/wp-content\/uploads\/02_Fertigung_iStock-1482747816_bea-1000x583.jpg\" alt=\"\" width=\"1000\" height=\"583\" class=\"alignnone size-large wp-image-1023\" srcset=\"https:\/\/www.tischlerei-schroeer.de\/wp-content\/uploads\/02_Fertigung_iStock-1482747816_bea-1000x583.jpg 1000w, https:\/\/www.tischlerei-schroeer.de\/wp-content\/uploads\/02_Fertigung_iStock-1482747816_bea-768x448.jpg 768w, https:\/\/www.tischlerei-schroeer.de\/wp-content\/uploads\/02_Fertigung_iStock-1482747816_bea.jpg 1200w\" sizes=\"auto, (max-width: 1000px) 100vw, 1000px\" \/><\/p>\n\n\t\t<\/div>\n\t<\/div>\n<\/div><\/div><\/div><div class=\"wpb_column vc_column_container vc_col-sm-4\"><div class=\"vc_column-inner\"><div class=\"wpb_wrapper\"><\/div><\/div><\/div><\/div><div class=\"vc_row wpb_row vc_row-fluid\"><div class=\"wpb_column vc_column_container vc_col-sm-6 vc_col-lg-6 vc_col-md-6\"><div class=\"vc_column-inner\"><div class=\"wpb_wrapper\">\n\t<div class=\"wpb_text_column wpb_content_element  schriftcontainer container_inhalt hgrau\" >\n\t\t<div class=\"wpb_wrapper\">\n\t\t\t<h4>02 PRODUCTION<\/h4>\n<p>Here at our production site, our well-trained and experienced joiners work with state-of-the-art machinery that ensures the very best results time after time. It goes without saying that your furniture will also be hand-finished with passion.<\/p>\n\n\t\t<\/div>\n\t<\/div>\n<\/div><\/div><\/div><div class=\"wpb_column vc_column_container vc_col-sm-6\"><div class=\"vc_column-inner\"><div class=\"wpb_wrapper\"><\/div><\/div><\/div><\/div><div class=\"vc_row wpb_row vc_row-fluid\"><div class=\"wpb_column vc_column_container vc_col-sm-12 vc_hidden-sm vc_hidden-xs\"><div class=\"vc_column-inner\"><div class=\"wpb_wrapper\"><div class=\"vc_empty_space\"   style=\"height: 40px\"><span class=\"vc_empty_space_inner\"><\/span><\/div><\/div><\/div><\/div><\/div><div class=\"vc_row wpb_row vc_row-fluid\"><div class=\"wpb_column vc_column_container vc_col-sm-4\"><div class=\"vc_column-inner\"><div class=\"wpb_wrapper\"><\/div><\/div><\/div><div class=\"wpb_column vc_column_container vc_col-sm-8\"><div class=\"vc_column-inner\"><div class=\"wpb_wrapper\">\n\t<div class=\"wpb_text_column wpb_content_element  hbild2\" >\n\t\t<div class=\"wpb_wrapper\">\n\t\t\t<p><img loading=\"lazy\" decoding=\"async\" src=\"https:\/\/www.tischlerei-schroeer.de\/wp-content\/uploads\/03_Koordination_iStock-1400564017_bea-1-1000x583.jpg\" alt=\"\" width=\"1000\" height=\"583\" class=\"alignnone size-large wp-image-1032\" srcset=\"https:\/\/www.tischlerei-schroeer.de\/wp-content\/uploads\/03_Koordination_iStock-1400564017_bea-1-1000x583.jpg 1000w, https:\/\/www.tischlerei-schroeer.de\/wp-content\/uploads\/03_Koordination_iStock-1400564017_bea-1-768x448.jpg 768w, https:\/\/www.tischlerei-schroeer.de\/wp-content\/uploads\/03_Koordination_iStock-1400564017_bea-1.jpg 1200w\" sizes=\"auto, (max-width: 1000px) 100vw, 1000px\" \/><\/p>\n\n\t\t<\/div>\n\t<\/div>\n<\/div><\/div><\/div><\/div><div class=\"vc_row wpb_row vc_row-fluid\"><div class=\"wpb_column vc_column_container vc_col-sm-6\"><div class=\"vc_column-inner\"><div class=\"wpb_wrapper\"><\/div><\/div><\/div><div class=\"wpb_column vc_column_container vc_col-sm-6 vc_col-lg-6 vc_col-md-6\"><div class=\"vc_column-inner\"><div class=\"wpb_wrapper\">\n\t<div class=\"wpb_text_column wpb_content_element  schriftcontainer container_inhalt hgrau\" >\n\t\t<div class=\"wpb_wrapper\">\n\t\t\t<h4>03 COORDINATION<\/h4>\n<p>Thanks to our extensive network of partner companies, we can put together the perfect team of experts for your requirements in order to deliver top quality and results. We are more than happy to coordinate additional operations and trades or even to take care of your entire interior or property fit out from start to finish in our role as a general contractor.<\/p>\n\n\t\t<\/div>\n\t<\/div>\n<\/div><\/div><\/div><\/div><div class=\"vc_row wpb_row vc_row-fluid\"><div class=\"wpb_column vc_column_container vc_col-sm-12 vc_hidden-sm vc_hidden-xs\"><div class=\"vc_column-inner\"><div class=\"wpb_wrapper\"><div class=\"vc_empty_space\"   style=\"height: 40px\"><span class=\"vc_empty_space_inner\"><\/span><\/div><\/div><\/div><\/div><\/div><div class=\"vc_row wpb_row vc_row-fluid\"><div class=\"wpb_column vc_column_container vc_col-sm-8\"><div class=\"vc_column-inner\"><div class=\"wpb_wrapper\">\n\t<div class=\"wpb_text_column wpb_content_element  hbild2\" >\n\t\t<div class=\"wpb_wrapper\">\n\t\t\t<p><img loading=\"lazy\" decoding=\"async\" src=\"https:\/\/www.tischlerei-schroeer.de\/wp-content\/uploads\/04_Montage_iStock-1568016705_bea-1000x583.jpg\" alt=\"\" width=\"1000\" height=\"583\" class=\"alignnone size-large wp-image-1025\" srcset=\"https:\/\/www.tischlerei-schroeer.de\/wp-content\/uploads\/04_Montage_iStock-1568016705_bea-1000x583.jpg 1000w, https:\/\/www.tischlerei-schroeer.de\/wp-content\/uploads\/04_Montage_iStock-1568016705_bea-768x448.jpg 768w, https:\/\/www.tischlerei-schroeer.de\/wp-content\/uploads\/04_Montage_iStock-1568016705_bea.jpg 1200w\" sizes=\"auto, (max-width: 1000px) 100vw, 1000px\" \/><\/p>\n\n\t\t<\/div>\n\t<\/div>\n<\/div><\/div><\/div><div class=\"wpb_column vc_column_container vc_col-sm-4\"><div class=\"vc_column-inner\"><div class=\"wpb_wrapper\"><\/div><\/div><\/div><\/div><div class=\"vc_row wpb_row vc_row-fluid\"><div class=\"wpb_column vc_column_container vc_col-sm-6 vc_col-lg-6 vc_col-md-6\"><div class=\"vc_column-inner\"><div class=\"wpb_wrapper\">\n\t<div class=\"wpb_text_column wpb_content_element  schriftcontainer container_inhalt hgrau\" >\n\t\t<div class=\"wpb_wrapper\">\n\t\t\t<h4>04 INSTALLATION<\/h4>\n<p>Installing the finished pieces of furniture is another service that we offer. This allows us to ensure that the furniture is in pristine condition and full working order when it arrives in your property. After all, highly satisfied clients are our priority!<\/p>\n\n\t\t<\/div>\n\t<\/div>\n<\/div><\/div><\/div><div class=\"wpb_column vc_column_container vc_col-sm-6\"><div class=\"vc_column-inner\"><div class=\"wpb_wrapper\"><\/div><\/div><\/div><\/div>\n<\/div>","protected":false},"excerpt":{"rendered":"<p>WE TAKE CARE OF EVERYTHING FROM DESIGN TO INSTALLATION AND SINGLE UNITS TO ALL-IN-ONE SOLUTIONS Whether it\u2019s custom-made pieces or a complete furnishing service that you\u2019re after, we are always on hand to provide our interior fitting clients with our know-how at every stage of the process \u2013 from designing to planning and production \u2013&hellip;<\/p>","protected":false},"author":1,"featured_media":0,"parent":0,"menu_order":4,"comment_status":"closed","ping_status":"closed","template":"","meta":{"slim_seo":{"title":"[trp_language language=\"de_DE\"]Tischlerei Schr\u00f6er L\u00f6sungen vom Entwurf bis zur Montage[\/trp_language] [trp_language language=\"en_US\"]Schr\u00f6er joinery solutions from design to assembly[\/trp_language]","description":"[trp_language language=\"de_DE\"]Bernhard + Hermann Schr\u00f6er GmbH, Komplettl\u00f6sungen vom Entwurf bis zur Montage, Privath\u00e4user, Gastronomie, Hotellerie, Shops und Praxen.[\/trp_language][trp_language language=\"en_US\"]Bernhard + Hermann Schr\u00f6er GmbH, complete solutions from design to installation, private homes, restaurants, hotels, stores and medical practices.[\/trp_language]"},"footnotes":""},"class_list":["post-385","page","type-page","status-publish","hentry","description-off"],"_links":{"self":[{"href":"https:\/\/www.tischlerei-schroeer.de\/en\/wp-json\/wp\/v2\/pages\/385","targetHints":{"allow":["GET"]}}],"collection":[{"href":"https:\/\/www.tischlerei-schroeer.de\/en\/wp-json\/wp\/v2\/pages"}],"about":[{"href":"https:\/\/www.tischlerei-schroeer.de\/en\/wp-json\/wp\/v2\/types\/page"}],"author":[{"embeddable":true,"href":"https:\/\/www.tischlerei-schroeer.de\/en\/wp-json\/wp\/v2\/users\/1"}],"replies":[{"embeddable":true,"href":"https:\/\/www.tischlerei-schroeer.de\/en\/wp-json\/wp\/v2\/comments?post=385"}],"version-history":[{"count":30,"href":"https:\/\/www.tischlerei-schroeer.de\/en\/wp-json\/wp\/v2\/pages\/385\/revisions"}],"predecessor-version":[{"id":1124,"href":"https:\/\/www.tischlerei-schroeer.de\/en\/wp-json\/wp\/v2\/pages\/385\/revisions\/1124"}],"wp:attachment":[{"href":"https:\/\/www.tischlerei-schroeer.de\/en\/wp-json\/wp\/v2\/media?parent=385"}],"curies":[{"name":"wp","href":"https:\/\/api.w.org\/{rel}","templated":true}]}}